{"id":1926,"date":"2021-04-17T13:40:38","date_gmt":"2021-04-17T13:40:38","guid":{"rendered":"http:\/\/www.kgzig.agh.edu.pl\/?page_id=1926"},"modified":"2025-03-14T09:18:05","modified_gmt":"2025-03-14T09:18:05","slug":"engineer-thesis-2022","status":"publish","type":"page","link":"https:\/\/www.kgzig.agh.edu.pl\/?page_id=1926&lang=en","title":{"rendered":"engineer-thesis-2022"},"content":{"rendered":"\t\t<div data-elementor-type=\"wp-page\" data-elementor-id=\"1926\" class=\"elementor elementor-1926\">\n\t\t\t\t\t\t<section class=\"elementor-section elementor-top-section elementor-element elementor-element-c3ab66b elementor-section-full_width spis_tematow elementor-section-height-default elementor-section-height-default\" data-id=\"c3ab66b\" data-element_type=\"section\" data-e-type=\"section\">\n\t\t\t\t\t\t<div class=\"elementor-container elementor-column-gap-default\">\n\t\t\t\t\t<div class=\"elementor-column elementor-col-25 elementor-top-column elementor-element elementor-element-d5c123c\" data-id=\"d5c123c\" data-element_type=\"column\" data-e-type=\"column\">\n\t\t\t<div class=\"elementor-widget-wrap\">\n\t\t\t\t\t\t\t<\/div>\n\t\t<\/div>\n\t\t\t\t<div class=\"elementor-column elementor-col-50 elementor-top-column elementor-element elementor-element-517eec8\" data-id=\"517eec8\" data-element_type=\"column\" data-e-type=\"column\">\n\t\t\t<div class=\"elementor-widget-wrap elementor-element-populated\">\n\t\t\t\t\t\t<div class=\"elementor-element elementor-element-62de449 elementor-widget elementor-widget-toggle\" data-id=\"62de449\" data-element_type=\"widget\" data-e-type=\"widget\" data-widget_type=\"toggle.default\">\n\t\t\t\t<div class=\"elementor-widget-container\">\n\t\t\t\t\t\t\t<div class=\"elementor-toggle\">\n\t\t\t\t\t\t\t<div class=\"elementor-toggle-item\">\n\t\t\t\t\t<div id=\"elementor-tab-title-1031\" class=\"elementor-tab-title\" data-tab=\"1\" role=\"button\" aria-controls=\"elementor-tab-content-1031\" aria-expanded=\"false\">\n\t\t\t\t\t\t\t\t\t\t\t\t<a class=\"elementor-toggle-title\" tabindex=\"0\">dr hab. Barbara Bielowicz, prof. AGH<\/a>\n\t\t\t\t\t<\/div>\n\n\t\t\t\t\t<div id=\"elementor-tab-content-1031\" class=\"elementor-tab-content elementor-clearfix\" data-tab=\"1\" role=\"region\" aria-labelledby=\"elementor-tab-title-1031\"><ol>\n<li>Pierwiastki krytyyczne w odpadach z termicznego przekszta\u0142cania odpad\u00f3w komunalnych.<\/li>\n<li>Analiza mo\u017cliwo\u015bci zgazowania w\u0119gla brunatnego ze z\u0142\u00f3\u017c Regionu Zachodniego.<\/li>\n<li>Analiza mo\u017cliwo\u015bci zgazowania w\u0119gla brunatnego ze z\u0142\u00f3\u017c Regionu Legnickiego.<\/li>\n<\/ol><\/div>\n\t\t\t\t<\/div>\n\t\t\t\t\t\t\t<div class=\"elementor-toggle-item\">\n\t\t\t\t\t<div id=\"elementor-tab-title-1032\" class=\"elementor-tab-title\" data-tab=\"2\" role=\"button\" aria-controls=\"elementor-tab-content-1032\" aria-expanded=\"false\">\n\t\t\t\t\t\t\t\t\t\t\t\t<a class=\"elementor-toggle-title\" tabindex=\"0\">dr hab. in\u017c. Krzysztof Bukowski, prof. AGH<\/a>\n\t\t\t\t\t<\/div>\n\n\t\t\t\t\t<div id=\"elementor-tab-content-1032\" class=\"elementor-tab-content elementor-clearfix\" data-tab=\"2\" role=\"region\" aria-labelledby=\"elementor-tab-title-1032\"><ol><li>Analiza zdolno\u015bci magazynowej pok\u0142adu soli w rejonie z\u0142o\u017ca soli kamiennej Zatoka Pucka.<\/li><li>Analiza mo\u017cliwo\u015bci rozbudowy kawernowego podziemnego magazynu gazu Kosakowo.<\/li><li>Mo\u017cliwo\u015b\u0107 magazynowania gazu ziemnego w wysadzie solnym Damas\u0142awek w \u015bwietle nowych danych.<\/li><\/ol><\/div>\n\t\t\t\t<\/div>\n\t\t\t\t\t\t\t<div class=\"elementor-toggle-item\">\n\t\t\t\t\t<div id=\"elementor-tab-title-1033\" class=\"elementor-tab-title\" data-tab=\"3\" role=\"button\" aria-controls=\"elementor-tab-content-1033\" aria-expanded=\"false\">\n\t\t\t\t\t\t\t\t\t\t\t\t<a class=\"elementor-toggle-title\" tabindex=\"0\">dr in\u017c. Jacek Misiak<\/a>\n\t\t\t\t\t<\/div>\n\n\t\t\t\t\t<div id=\"elementor-tab-content-1033\" class=\"elementor-tab-content elementor-clearfix\" data-tab=\"3\" role=\"region\" aria-labelledby=\"elementor-tab-title-1033\"><ol><li>Charakterystyka geologiczno-z\u0142o\u017cowa w\u0119glono\u015bnych utwor\u00f3w karbonu g\u00f3rnego LZW w profilach otwor\u00f3w wiertniczych Lublin 2, 3, 4.<\/li><li>Charakterystyka geologiczna i z\u0142o\u017cowa w\u0119glono\u015bnych utwor\u00f3w karbonu g\u00f3rnego GZW na podstawie otwor\u00f3w wiertniczych Silesia 6, 14, 15.<\/li><\/ol><\/div>\n\t\t\t\t<\/div>\n\t\t\t\t\t\t\t<div class=\"elementor-toggle-item\">\n\t\t\t\t\t<div id=\"elementor-tab-title-1034\" class=\"elementor-tab-title\" data-tab=\"4\" role=\"button\" aria-controls=\"elementor-tab-content-1034\" aria-expanded=\"false\">\n\t\t\t\t\t\t\t\t\t\t\t\t<a class=\"elementor-toggle-title\" tabindex=\"0\">dr hab. in\u017c. Jacek Mucha, prof AGH<\/a>\n\t\t\t\t\t<\/div>\n\n\t\t\t\t\t<div id=\"elementor-tab-content-1034\" class=\"elementor-tab-content elementor-clearfix\" data-tab=\"4\" role=\"region\" aria-labelledby=\"elementor-tab-title-1034\"><ol><li>Statystyczny opis zmienno\u015bci zawarto\u015bci REE w konkrecjach polimetalicznych na Pacyfiku w obszarze IOM.<\/li><li>Statystyczny opis\u00a0 zmienno\u015bci wska\u017anika Mn\/Fe w konkrecjach polimetalicznych na Pacyfiku (obszar IOM).\u00a0<\/li><li>Geologiczne uwarunkowania wyst\u0119powania konkrecji polimetalicznych w strefie Clarion-Clipperton na Pacyfiku.<\/li><\/ol><\/div>\n\t\t\t\t<\/div>\n\t\t\t\t\t\t\t<div class=\"elementor-toggle-item\">\n\t\t\t\t\t<div id=\"elementor-tab-title-1035\" class=\"elementor-tab-title\" data-tab=\"5\" role=\"button\" aria-controls=\"elementor-tab-content-1035\" aria-expanded=\"false\">\n\t\t\t\t\t\t\t\t\t\t\t\t<a class=\"elementor-toggle-title\" tabindex=\"0\">dr hab. Jaroslav Pr\u0161ek, prof AGH<\/a>\n\t\t\t\t\t<\/div>\n\n\t\t\t\t\t<div id=\"elementor-tab-content-1035\" class=\"elementor-tab-content elementor-clearfix\" data-tab=\"5\" role=\"region\" aria-labelledby=\"elementor-tab-title-1035\"><ol><li>Charakterystyka mineralogiczna wyst\u0105pienia arsenopiryt-zlotej mineralizacje Finntr\u00e4sket, Szwecja.\u00a0<\/li><li>Charakterystyka mineralogiczna wyst\u0105pienia Cu-Mo mineralizacje V\u00e4h\u00e4vaara, Szwecja.\u00a0<\/li><li>Charakterystyka mineralogiczna \u017cy\u0142 w okolicach Mys\u0142owa, Dolny \u015al\u0105sk.\u00a0<\/li><li>Charakterystyka mineralogiczna wyst\u0105pienia Cu mineralizacje w okolicach Uniemy\u015b\u0142a, Dolny \u015al\u0105sk.\u00a0<\/li><li>Perspektywy wyst\u0119powania mineralizacji Sn-W w rejonie Le\u015bna-\u015awiecie, Dolny \u015al\u0105sk.<\/li><li>Charakterystyka mineralogiczna baritowo-polymetalicznej mineralizacji w rejonie Djugakini, Kosovo.<\/li><\/ol><\/div>\n\t\t\t\t<\/div>\n\t\t\t\t\t\t\t<div class=\"elementor-toggle-item\">\n\t\t\t\t\t<div id=\"elementor-tab-title-1036\" class=\"elementor-tab-title\" data-tab=\"6\" role=\"button\" aria-controls=\"elementor-tab-content-1036\" aria-expanded=\"false\">\n\t\t\t\t\t\t\t\t\t\t\t\t<a class=\"elementor-toggle-title\" tabindex=\"0\">dr in\u017c. Edyta Sermet<\/a>\n\t\t\t\t\t<\/div>\n\n\t\t\t\t\t<div id=\"elementor-tab-content-1036\" class=\"elementor-tab-content elementor-clearfix\" data-tab=\"6\" role=\"region\" aria-labelledby=\"elementor-tab-title-1036\"><ol><li>Ocena wystarczalno\u015bci zasob\u00f3w z\u0142\u00f3\u017c kopalin energetycznych.<\/li><li>Wycena warto\u015bci informacji geologicznej cz\u0119\u015bci z\u0142o\u017ca siarki rodzimej.<\/li><\/ol><\/div>\n\t\t\t\t<\/div>\n\t\t\t\t\t\t\t<div class=\"elementor-toggle-item\">\n\t\t\t\t\t<div id=\"elementor-tab-title-1037\" class=\"elementor-tab-title\" data-tab=\"7\" role=\"button\" aria-controls=\"elementor-tab-content-1037\" aria-expanded=\"false\">\n\t\t\t\t\t\t\t\t\t\t\t\t<a class=\"elementor-toggle-title\" tabindex=\"0\">dr hab. in\u017c Tomasz Tobo\u0142a, prof AGH<\/a>\n\t\t\t\t\t<\/div>\n\n\t\t\t\t\t<div id=\"elementor-tab-content-1037\" class=\"elementor-tab-content elementor-clearfix\" data-tab=\"7\" role=\"region\" aria-labelledby=\"elementor-tab-title-1037\"><ol><li>Charakterystyka petrologiczna soli kamiennej ciemnoszarej z otworu M-35 wysadu Mogilno.\u00a0<\/li><\/ol><\/div>\n\t\t\t\t<\/div>\n\t\t\t\t\t\t\t<div class=\"elementor-toggle-item\">\n\t\t\t\t\t<div id=\"elementor-tab-title-1038\" class=\"elementor-tab-title\" data-tab=\"8\" role=\"button\" aria-controls=\"elementor-tab-content-1038\" aria-expanded=\"false\">\n\t\t\t\t\t\t\t\t\t\t\t\t<a class=\"elementor-toggle-title\" tabindex=\"0\">dr in\u017c. Monika Wasilewska-B\u0142aszczyk<\/a>\n\t\t\t\t\t<\/div>\n\n\t\t\t\t\t<div id=\"elementor-tab-content-1038\" class=\"elementor-tab-content elementor-clearfix\" data-tab=\"8\" role=\"region\" aria-labelledby=\"elementor-tab-title-1038\"><ol><li>Badanie wiarygodno\u015bci interpolacji zasobno\u015bci Ag we fragmencie z\u0142o\u017ca Polkowice-Sieroszowice.<\/li><\/ol><\/div>\n\t\t\t\t<\/div>\n\t\t\t\t\t\t\t\t<\/div>\n\t\t\t\t\t\t<\/div>\n\t\t\t\t<\/div>\n\t\t\t\t\t<\/div>\n\t\t<\/div>\n\t\t\t\t<div class=\"elementor-column elementor-col-25 elementor-top-column elementor-element elementor-element-bffdd07\" data-id=\"bffdd07\" data-element_type=\"column\" data-e-type=\"column\">\n\t\t\t<div class=\"elementor-widget-wrap\">\n\t\t\t\t\t\t\t<\/div>\n\t\t<\/div>\n\t\t\t\t\t<\/div>\n\t\t<\/section>\n\t\t\t\t<section class=\"elementor-section elementor-top-section elementor-element elementor-element-00466cb elementor-section-full_width elementor-section-content-top elementor-section-stretched elementor-hidden-phone elementor-section-height-default elementor-section-height-default\" data-id=\"00466cb\" data-element_type=\"section\" data-e-type=\"section\" data-settings=\"{&quot;stretch_section&quot;:&quot;section-stretched&quot;,&quot;background_background&quot;:&quot;classic&quot;}\">\n\t\t\t\t\t\t<div class=\"elementor-container elementor-column-gap-default\">\n\t\t\t\t\t<div class=\"elementor-column elementor-col-50 elementor-top-column elementor-element elementor-element-15e9eda\" data-id=\"15e9eda\" data-element_type=\"column\" data-e-type=\"column\">\n\t\t\t<div class=\"elementor-widget-wrap elementor-element-populated\">\n\t\t\t\t\t\t<div class=\"elementor-element elementor-element-cfc3a14 elementor-widget elementor-widget-html\" data-id=\"cfc3a14\" data-element_type=\"widget\" data-e-type=\"widget\" data-widget_type=\"html.default\">\n\t\t\t\t<div class=\"elementor-widget-container\">\n\t\t\t\t\t<style>\n    a.agh {\n        text-decoration: none;\n        color: black;\n        font-size: 0.7em;\n        font-weight: 600;\n        padding: 0px;\n    }\n    \n    a.wydzial {\n        text-decoration: none;\n        color: black;\n        font-size: 0.7em;\n        font-weight: 500;\n        padding: 0px;\n    }\n    .katedra {\n        color: black;\n        font-weight: 30;\n        font-size: 0.7em;\n        padding: 0px;\n        font-weight: 300;\n    }\n    \n    .stopka {\n        padding-left:40px;\n        padding-bottom: 20px;\n         line-height: 0.8em\n    }\n    \n<\/style>\n<div class=\"stopka\">\n    <a href=\"www.agh.agh.edu.pl\" class=\"agh\"> Akademia G\u00f3rniczo-Hutnicza im. Stanis\u0142awa Staszica w Krakowie\n    <\/a><br>\n    <a href=\"www.ggios.agh.edu.pl\" class=\"wydzial\"> Wydzia\u0142 Geologii, Geofizyki i Ochrony \u015arodowiska.\n    <\/a>\n    <br>\n    <span class=\"katedra\">\n    Katedra Geologii Z\u0142o\u017cowej i G\u00f3rniczej\n    <\/span>\n    <br>\n    <span class=\"katedra\">Al.Mickiewicza 30<\/span><br>\n    <span class=\"katedra\">30-059, Krak\u00f3w\n    <\/span>\n<\/div><br>\t\t\t\t<\/div>\n\t\t\t\t<\/div>\n\t\t\t\t\t<\/div>\n\t\t<\/div>\n\t\t\t\t<div class=\"elementor-column elementor-col-50 elementor-top-column elementor-element elementor-element-7f741ed\" data-id=\"7f741ed\" data-element_type=\"column\" data-e-type=\"column\">\n\t\t\t<div class=\"elementor-widget-wrap\">\n\t\t\t\t\t\t\t<\/div>\n\t\t<\/div>\n\t\t\t\t\t<\/div>\n\t\t<\/section>\n\t\t\t\t<section class=\"elementor-section elementor-top-section elementor-element elementor-element-7b8e753 elementor-section-full_width elementor-section-content-top elementor-section-stretched elementor-hidden-desktop elementor-hidden-tablet elementor-section-height-default elementor-section-height-default\" data-id=\"7b8e753\" data-element_type=\"section\" data-e-type=\"section\" data-settings=\"{&quot;stretch_section&quot;:&quot;section-stretched&quot;,&quot;background_background&quot;:&quot;classic&quot;}\">\n\t\t\t\t\t\t<div class=\"elementor-container elementor-column-gap-default\">\n\t\t\t\t\t<div class=\"elementor-column elementor-col-50 elementor-top-column elementor-element elementor-element-5a8846d\" data-id=\"5a8846d\" data-element_type=\"column\" data-e-type=\"column\">\n\t\t\t<div class=\"elementor-widget-wrap elementor-element-populated\">\n\t\t\t\t\t\t<div class=\"elementor-element elementor-element-b087932 elementor-widget elementor-widget-html\" data-id=\"b087932\" data-element_type=\"widget\" data-e-type=\"widget\" data-widget_type=\"html.default\">\n\t\t\t\t<div class=\"elementor-widget-container\">\n\t\t\t\t\t<style>\n    a.agh {\n        text-decoration: none;\n        color: black;\n        font-size: 0.7em;\n        font-weight: 600;\n        padding: 0px;\n    }\n    \n    a.wydzial {\n        text-decoration: none;\n        color: black;\n        font-size: 0.7em;\n        font-weight: 500;\n        padding: 0px;\n    }\n    .katedra {\n        color: black;\n        font-weight: 30;\n        font-size: 0.7em;\n        padding: 0px;\n        font-weight: 300;\n    }\n    \n    .stopka2 {\n        padding-left:40px;\n         line-height: 0.8em\n    }\n    \n<\/style>\n<div class=\"stopka2\">\n    <a href=\"www.agh.agh.edu.pl\" class=\"agh\"> Akademia G\u00f3rniczo-Hutnicza im. Stanis\u0142awa Staszica w Krakowie\n    <\/a><br>\n    <a href=\"www.ggios.agh.edu.pl\" class=\"wydzial\"> Wydzia\u0142 Geologii, Geofizyki i Ochrony \u015arodowiska.\n    <\/a>\n    <br>\n    <span class=\"katedra\">\n    Katedra Geologii Z\u0142o\u017cowej i G\u00f3rniczej\n    <\/span>\n    <br>\n    <span class=\"katedra\">Al.Mickiewicza 30<\/span><br>\n    <span class=\"katedra\">30-059, Krak\u00f3w\n    <\/span>\n<\/div><br>\t\t\t\t<\/div>\n\t\t\t\t<\/div>\n\t\t\t\t\t<\/div>\n\t\t<\/div>\n\t\t\t\t<div class=\"elementor-column elementor-col-50 elementor-top-column elementor-element elementor-element-28af3d8\" data-id=\"28af3d8\" data-element_type=\"column\" data-e-type=\"column\">\n\t\t\t<div class=\"elementor-widget-wrap\">\n\t\t\t\t\t\t\t<\/div>\n\t\t<\/div>\n\t\t\t\t\t<\/div>\n\t\t<\/section>\n\t\t\t\t<\/div>\n\t\t","protected":false},"excerpt":{"rendered":"<p>dr hab. Barbara Bielowicz, prof. AGH Pierwiastki krytyyczne w odpadach z termicznego przekszta\u0142cania odpad\u00f3w komunalnych. Analiza mo\u017cliwo\u015bci zgazowania w\u0119gla brunatnego ze z\u0142\u00f3\u017c Regionu Zachodniego. Analiza mo\u017cliwo\u015bci zgazowania w\u0119gla brunatnego ze z\u0142\u00f3\u017c Regionu Legnickiego. dr hab. in\u017c. Krzysztof Bukowski, prof. AGH Analiza zdolno\u015bci magazynowej pok\u0142adu soli w rejonie z\u0142o\u017ca soli kamiennej [&hellip;]<\/p>\n","protected":false},"author":1,"featured_media":0,"parent":1029,"menu_order":0,"comment_status":"closed","ping_status":"closed","template":"page-templates\/template-pagebuilder-full-width.php","meta":{"_eb_attr":"","footnotes":""},"class_list":["post-1926","page","type-page","status-publish","hentry"],"_links":{"self":[{"href":"https:\/\/www.kgzig.agh.edu.pl\/index.php?rest_route=\/wp\/v2\/pages\/1926","targetHints":{"allow":["GET"]}}],"collection":[{"href":"https:\/\/www.kgzig.agh.edu.pl\/index.php?rest_route=\/wp\/v2\/pages"}],"about":[{"href":"https:\/\/www.kgzig.agh.edu.pl\/index.php?rest_route=\/wp\/v2\/types\/page"}],"author":[{"embeddable":true,"href":"https:\/\/www.kgzig.agh.edu.pl\/index.php?rest_route=\/wp\/v2\/users\/1"}],"replies":[{"embeddable":true,"href":"https:\/\/www.kgzig.agh.edu.pl\/index.php?rest_route=%2Fwp%2Fv2%2Fcomments&post=1926"}],"version-history":[{"count":12,"href":"https:\/\/www.kgzig.agh.edu.pl\/index.php?rest_route=\/wp\/v2\/pages\/1926\/revisions"}],"predecessor-version":[{"id":2141,"href":"https:\/\/www.kgzig.agh.edu.pl\/index.php?rest_route=\/wp\/v2\/pages\/1926\/revisions\/2141"}],"up":[{"embeddable":true,"href":"https:\/\/www.kgzig.agh.edu.pl\/index.php?rest_route=\/wp\/v2\/pages\/1029"}],"wp:attachment":[{"href":"https:\/\/www.kgzig.agh.edu.pl\/index.php?rest_route=%2Fwp%2Fv2%2Fmedia&parent=1926"}],"curies":[{"name":"wp","href":"https:\/\/api.w.org\/{rel}","templated":true}]}}