{"id":2067,"date":"2022-03-23T12:35:24","date_gmt":"2022-03-23T12:35:24","guid":{"rendered":"http:\/\/www.kgzig.agh.edu.pl\/?page_id=2067"},"modified":"2022-03-23T12:44:35","modified_gmt":"2022-03-23T12:44:35","slug":"praktyki-zawodowe","status":"publish","type":"page","link":"https:\/\/www.kgzig.agh.edu.pl\/?page_id=2067&lang=pl","title":{"rendered":"Praktyki zawodowe"},"content":{"rendered":"\t\t<div data-elementor-type=\"wp-page\" data-elementor-id=\"2067\" class=\"elementor elementor-2067\">\n\t\t\t\t\t\t<section class=\"elementor-section elementor-top-section elementor-element elementor-element-ce31bb9 elementor-section-boxed elementor-section-height-default elementor-section-height-default\" data-id=\"ce31bb9\" data-element_type=\"section\" data-e-type=\"section\">\n\t\t\t\t\t\t<div class=\"elementor-container elementor-column-gap-default\">\n\t\t\t\t\t<div class=\"elementor-column elementor-col-100 elementor-top-column elementor-element elementor-element-d94cc02\" data-id=\"d94cc02\" data-element_type=\"column\" data-e-type=\"column\">\n\t\t\t<div class=\"elementor-widget-wrap elementor-element-populated\">\n\t\t\t\t\t\t<div class=\"elementor-element elementor-element-8fd8ee9 elementor-widget elementor-widget-spacer\" data-id=\"8fd8ee9\" data-element_type=\"widget\" data-e-type=\"widget\" data-widget_type=\"spacer.default\">\n\t\t\t\t<div class=\"elementor-widget-container\">\n\t\t\t\t\t\t\t<div class=\"elementor-spacer\">\n\t\t\t<div class=\"elementor-spacer-inner\"><\/div>\n\t\t<\/div>\n\t\t\t\t\t\t<\/div>\n\t\t\t\t<\/div>\n\t\t\t\t<section class=\"elementor-section elementor-inner-section elementor-element elementor-element-aba68b7 elementor-section-boxed elementor-section-height-default elementor-section-height-default\" data-id=\"aba68b7\" data-element_type=\"section\" data-e-type=\"section\">\n\t\t\t\t\t\t<div class=\"elementor-container elementor-column-gap-default\">\n\t\t\t\t\t<div class=\"elementor-column elementor-col-100 elementor-inner-column elementor-element elementor-element-b38d198\" data-id=\"b38d198\" data-element_type=\"column\" data-e-type=\"column\">\n\t\t\t<div class=\"elementor-widget-wrap elementor-element-populated\">\n\t\t\t\t\t\t<div class=\"elementor-element elementor-element-6bd55c2 elementor-widget elementor-widget-text-editor\" data-id=\"6bd55c2\" data-element_type=\"widget\" data-e-type=\"widget\" data-widget_type=\"text-editor.default\">\n\t\t\t\t<div class=\"elementor-widget-container\">\n\t\t\t\t\t\t\t\t\t<p><b>Szanowni Pa\u0144stwo, <\/b><\/p><p>zgodnie z Programem Studi\u00f3w Studenci, kt\u00f3rzy w bie\u017c\u0105cym roku akademickim 2021\/22 winni odby\u0107 praktyki zawodowe, proszeni s\u0105 o zapoznanie si\u0119 z dokumentami dotycz\u0105cymi organizacji praktyk.<\/p>\t\t\t\t\t\t\t\t<\/div>\n\t\t\t\t<\/div>\n\t\t\t\t\t<\/div>\n\t\t<\/div>\n\t\t\t\t\t<\/div>\n\t\t<\/section>\n\t\t\t\t\t<\/div>\n\t\t<\/div>\n\t\t\t\t\t<\/div>\n\t\t<\/section>\n\t\t\t\t<section class=\"elementor-section elementor-top-section elementor-element elementor-element-c1dede5 elementor-section-boxed elementor-section-height-default elementor-section-height-default\" data-id=\"c1dede5\" data-element_type=\"section\" data-e-type=\"section\">\n\t\t\t\t\t\t<div class=\"elementor-container elementor-column-gap-default\">\n\t\t\t\t\t<div class=\"elementor-column elementor-col-100 elementor-top-column elementor-element elementor-element-eb955e1\" data-id=\"eb955e1\" data-element_type=\"column\" data-e-type=\"column\">\n\t\t\t<div class=\"elementor-widget-wrap elementor-element-populated\">\n\t\t\t\t\t\t<section class=\"elementor-section elementor-inner-section elementor-element elementor-element-95733b7 elementor-section-boxed elementor-section-height-default elementor-section-height-default\" data-id=\"95733b7\" data-element_type=\"section\" data-e-type=\"section\">\n\t\t\t\t\t\t<div class=\"elementor-container elementor-column-gap-default\">\n\t\t\t\t\t<div class=\"elementor-column elementor-col-100 elementor-inner-column elementor-element elementor-element-f9919d0\" data-id=\"f9919d0\" data-element_type=\"column\" data-e-type=\"column\">\n\t\t\t<div class=\"elementor-widget-wrap elementor-element-populated\">\n\t\t\t\t\t\t<div class=\"elementor-element elementor-element-db41856 elementor-widget elementor-widget-text-editor\" data-id=\"db41856\" data-element_type=\"widget\" data-e-type=\"widget\" data-widget_type=\"text-editor.default\">\n\t\t\t\t<div class=\"elementor-widget-container\">\n\t\t\t\t\t\t\t\t\t<ul><li><a href=\"http:\/\/www.wggios.agh.edu.pl\/fileadmin\/default\/templates\/css\/j\/wggios\/2022\/2022-Zasady_organizacji_praktyk.pdf\" target=\"_blank\" rel=\"noopener\">Zasady organizacji praktyk<\/a><\/li><li><a href=\"http:\/\/www.wggios.agh.edu.pl\/fileadmin\/default\/templates\/css\/j\/wggios\/2022\/2022-Harmonogram_praktyk_zawodowych_2021_2022.pdf\" target=\"_blank\" rel=\"noopener\">Harmonogram prac zwi\u0105zanych z realizacj\u0105 praktyk zawodowych i dyplomowych<\/a><\/li><li><a href=\"http:\/\/www.wggios.agh.edu.pl\/fileadmin\/default\/templates\/css\/j\/wggios\/2022\/2022-Organizatorzy_praktyk_zawodowych.pdf\" target=\"_blank\" rel=\"noopener\">Wykaz Organizator\u00f3w odpowiedzialnych za organizacj\u0119 praktyk zawodowych w poszczeg\u00f3lnych Katedrach<\/a><\/li><li><a href=\"http:\/\/www.wggios.agh.edu.pl\/fileadmin\/default\/templates\/css\/j\/wggios\/2022\/2022-Zalacznik_1_Wzor_podania_o_przyjecie.docx\" target=\"_blank\" rel=\"noopener\">Wz\u00f3r podania o przyj\u0119cie Studenta na praktyk\u0119<\/a><\/li><li><a href=\"http:\/\/www.wggios.agh.edu.pl\/fileadmin\/default\/templates\/css\/j\/wggios\/2022\/2022-Zalacznik_2_Porozumienie.docx\" target=\"_blank\" rel=\"noopener\">Wz\u00f3r porozumienia pomi\u0119dzy Dziekanem WGGiO\u015a a Przedstawicielem firmy przyjmuj\u0105cej Studenta na praktyk\u0119<\/a><\/li><\/ul>\t\t\t\t\t\t\t\t<\/div>\n\t\t\t\t<\/div>\n\t\t\t\t\t<\/div>\n\t\t<\/div>\n\t\t\t\t\t<\/div>\n\t\t<\/section>\n\t\t\t\t\t<\/div>\n\t\t<\/div>\n\t\t\t\t\t<\/div>\n\t\t<\/section>\n\t\t\t\t<section class=\"elementor-section elementor-top-section elementor-element elementor-element-7928e70 elementor-section-boxed elementor-section-height-default elementor-section-height-default\" data-id=\"7928e70\" data-element_type=\"section\" data-e-type=\"section\">\n\t\t\t\t\t\t<div class=\"elementor-container elementor-column-gap-default\">\n\t\t\t\t\t<div class=\"elementor-column elementor-col-100 elementor-top-column elementor-element elementor-element-abb6e28\" data-id=\"abb6e28\" data-element_type=\"column\" data-e-type=\"column\">\n\t\t\t<div class=\"elementor-widget-wrap elementor-element-populated\">\n\t\t\t\t\t\t<section class=\"elementor-section elementor-inner-section elementor-element elementor-element-df59be1 elementor-section-boxed elementor-section-height-default elementor-section-height-default\" data-id=\"df59be1\" data-element_type=\"section\" data-e-type=\"section\">\n\t\t\t\t\t\t<div class=\"elementor-container elementor-column-gap-default\">\n\t\t\t\t\t<div class=\"elementor-column elementor-col-100 elementor-inner-column elementor-element elementor-element-e993573\" data-id=\"e993573\" data-element_type=\"column\" data-e-type=\"column\">\n\t\t\t<div class=\"elementor-widget-wrap elementor-element-populated\">\n\t\t\t\t\t\t<div class=\"elementor-element elementor-element-3ed3641 elementor-widget elementor-widget-text-editor\" data-id=\"3ed3641\" data-element_type=\"widget\" data-e-type=\"widget\" data-widget_type=\"text-editor.default\">\n\t\t\t\t<div class=\"elementor-widget-container\">\n\t\t\t\t\t\t\t\t\t<p><b>Edyta Sermet<br \/><\/b><span style=\"font-size: inherit;\">e-mail:\u00a0sermet@agh.edu.pl<\/span><\/p><p><\/p>\t\t\t\t\t\t\t\t<\/div>\n\t\t\t\t<\/div>\n\t\t\t\t\t<\/div>\n\t\t<\/div>\n\t\t\t\t\t<\/div>\n\t\t<\/section>\n\t\t\t\t\t<\/div>\n\t\t<\/div>\n\t\t\t\t\t<\/div>\n\t\t<\/section>\n\t\t\t\t<\/div>\n\t\t","protected":false},"excerpt":{"rendered":"<p>Szanowni Pa\u0144stwo, zgodnie z Programem Studi\u00f3w Studenci, kt\u00f3rzy w bie\u017c\u0105cym roku akademickim 2021\/22 winni odby\u0107 praktyki zawodowe, proszeni s\u0105 o zapoznanie si\u0119 z dokumentami dotycz\u0105cymi organizacji praktyk. Zasady organizacji praktyk Harmonogram prac zwi\u0105zanych z realizacj\u0105 praktyk zawodowych i dyplomowych Wykaz Organizator\u00f3w odpowiedzialnych za organizacj\u0119 praktyk zawodowych w poszczeg\u00f3lnych Katedrach Wz\u00f3r [&hellip;]<\/p>\n","protected":false},"author":1,"featured_media":0,"parent":0,"menu_order":0,"comment_status":"closed","ping_status":"closed","template":"page-templates\/template-pagebuilder-full-width.php","meta":{"_eb_attr":"","footnotes":""},"class_list":["post-2067","page","type-page","status-publish","hentry"],"_links":{"self":[{"href":"https:\/\/www.kgzig.agh.edu.pl\/index.php?rest_route=\/wp\/v2\/pages\/2067","targetHints":{"allow":["GET"]}}],"collection":[{"href":"https:\/\/www.kgzig.agh.edu.pl\/index.php?rest_route=\/wp\/v2\/pages"}],"about":[{"href":"https:\/\/www.kgzig.agh.edu.pl\/index.php?rest_route=\/wp\/v2\/types\/page"}],"author":[{"embeddable":true,"href":"https:\/\/www.kgzig.agh.edu.pl\/index.php?rest_route=\/wp\/v2\/users\/1"}],"replies":[{"embeddable":true,"href":"https:\/\/www.kgzig.agh.edu.pl\/index.php?rest_route=%2Fwp%2Fv2%2Fcomments&post=2067"}],"version-history":[{"count":12,"href":"https:\/\/www.kgzig.agh.edu.pl\/index.php?rest_route=\/wp\/v2\/pages\/2067\/revisions"}],"predecessor-version":[{"id":2082,"href":"https:\/\/www.kgzig.agh.edu.pl\/index.php?rest_route=\/wp\/v2\/pages\/2067\/revisions\/2082"}],"wp:attachment":[{"href":"https:\/\/www.kgzig.agh.edu.pl\/index.php?rest_route=%2Fwp%2Fv2%2Fmedia&parent=2067"}],"curies":[{"name":"wp","href":"https:\/\/api.w.org\/{rel}","templated":true}]}}