{"id":485,"date":"2021-03-04T13:33:41","date_gmt":"2021-03-04T13:33:41","guid":{"rendered":"http:\/\/www.kgzig.agh.edu.pl\/?page_id=485"},"modified":"2026-03-31T08:14:51","modified_gmt":"2026-03-31T08:14:51","slug":"tematy-inzynierskie-2021","status":"publish","type":"page","link":"https:\/\/www.kgzig.agh.edu.pl\/?page_id=485&lang=pl","title":{"rendered":"tematy-inzynierskie-2022"},"content":{"rendered":"\t\t<div data-elementor-type=\"wp-page\" data-elementor-id=\"485\" class=\"elementor elementor-485\">\n\t\t\t\t\t\t<section class=\"elementor-section elementor-top-section elementor-element elementor-element-c3ab66b elementor-section-full_width spis_tematow elementor-section-height-default elementor-section-height-default\" data-id=\"c3ab66b\" data-element_type=\"section\" data-e-type=\"section\">\n\t\t\t\t\t\t<div class=\"elementor-container elementor-column-gap-default\">\n\t\t\t\t\t<div class=\"elementor-column elementor-col-33 elementor-top-column elementor-element elementor-element-1c829fe\" data-id=\"1c829fe\" data-element_type=\"column\" data-e-type=\"column\">\n\t\t\t<div class=\"elementor-widget-wrap\">\n\t\t\t\t\t\t\t<\/div>\n\t\t<\/div>\n\t\t\t\t<div class=\"elementor-column elementor-col-33 elementor-top-column elementor-element elementor-element-517eec8\" data-id=\"517eec8\" data-element_type=\"column\" data-e-type=\"column\">\n\t\t\t<div class=\"elementor-widget-wrap elementor-element-populated\">\n\t\t\t\t\t\t<div class=\"elementor-element elementor-element-62de449 elementor-widget elementor-widget-toggle\" data-id=\"62de449\" data-element_type=\"widget\" data-e-type=\"widget\" data-widget_type=\"toggle.default\">\n\t\t\t\t<div class=\"elementor-widget-container\">\n\t\t\t\t\t\t\t<div class=\"elementor-toggle\">\n\t\t\t\t\t\t\t<div class=\"elementor-toggle-item\">\n\t\t\t\t\t<div id=\"elementor-tab-title-1031\" class=\"elementor-tab-title\" data-tab=\"1\" role=\"button\" aria-controls=\"elementor-tab-content-1031\" aria-expanded=\"false\">\n\t\t\t\t\t\t\t\t\t\t\t\t<a class=\"elementor-toggle-title\" tabindex=\"0\">dr hab. Barbara Bielowicz, prof. AGH<\/a>\n\t\t\t\t\t<\/div>\n\n\t\t\t\t\t<div id=\"elementor-tab-content-1031\" class=\"elementor-tab-content elementor-clearfix\" data-tab=\"1\" role=\"region\" aria-labelledby=\"elementor-tab-title-1031\"><div>\n<p><b>Geologia Stosowana<br><\/b><\/p>\n<table border=\"0\" cellpadding=\"0\" cellspacing=\"0\" width=\"428\" style=\"width: 321pt;\">\n<colgroup>\n<col width=\"428\" style=\"mso-width-source:userset;mso-width-alt:13696;width:321pt\">\n <\/colgroup>\n<tbody>\n<tr height=\"40\" style=\"height:30.0pt\">\n<td height=\"40\" class=\"xl65\" width=\"428\" style=\"height:30.0pt;width:321pt\">1. Pierwiastki krytyczne w odpadach z termicznego przekszta\u0142cania odpad\u00f3w komunalnych.<\/td>\n<\/tr>\n<tr height=\"40\" style=\"height:30.0pt\">\n<td height=\"40\" class=\"xl65\" width=\"428\" style=\"height:30.0pt;width:321pt\">2. Analiza mo\u017cliwo\u015bci zgazowania w\u0119gla<br>\n  brunatnego ze z\u0142\u00f3\u017c Regionu Zachodniego.<\/td>\n<\/tr>\n<\/tbody>\n<\/table>\n<\/div>\n<div>\n<p><strong>Geoinformatyka<br><\/strong><\/p>\n<table border=\"0\" cellpadding=\"0\" cellspacing=\"0\" width=\"428\" style=\"width: 321pt;\">\n<colgroup>\n<col width=\"428\" style=\"mso-width-source:userset;mso-width-alt:13696;width:321pt\">\n <\/colgroup>\n<tbody>\n<tr height=\"20\" style=\"height:15.0pt\">\n<td height=\"20\" class=\"xl65\" width=\"428\" style=\"height:15.0pt;width:321pt\">1. Eksploracyjna analiza danych petrograficznych w\u0119gla.&nbsp;&nbsp;<\/td>\n<\/tr>\n<tr height=\"40\" style=\"height:30.0pt\">\n<td height=\"40\" class=\"xl65\" width=\"428\" style=\"height:30.0pt;width:321pt\">2. Analiza zale\u017cno\u015bci mi\u0119dzy parametrami petrograficznymi a jako\u015bci\u0105 w\u0119gla.&nbsp;&nbsp;&nbsp; &nbsp;<\/td>\n<\/tr>\n<\/tbody>\n<\/table>\n<\/div><\/div>\n\t\t\t\t<\/div>\n\t\t\t\t\t\t\t<div class=\"elementor-toggle-item\">\n\t\t\t\t\t<div id=\"elementor-tab-title-1032\" class=\"elementor-tab-title\" data-tab=\"2\" role=\"button\" aria-controls=\"elementor-tab-content-1032\" aria-expanded=\"false\">\n\t\t\t\t\t\t\t\t\t\t\t\t<a class=\"elementor-toggle-title\" tabindex=\"0\">dr hab in\u017c. Krzysztof Bukowski, prof AGH<\/a>\n\t\t\t\t\t<\/div>\n\n\t\t\t\t\t<div id=\"elementor-tab-content-1032\" class=\"elementor-tab-content elementor-clearfix\" data-tab=\"2\" role=\"region\" aria-labelledby=\"elementor-tab-title-1032\"><span style=\"font-weight: 700;\">Geologia Stosowana<\/span><div><table border=\"0\" cellpadding=\"0\" cellspacing=\"0\" width=\"428\" style=\"width: 321pt;\">\n<tbody>\n<tr height=\"60\" style=\"height:45.0pt\">\n<td height=\"60\" width=\"428\" style=\"height:45.0pt;width:321pt\">1. Wst\u0119pne rozpoznanie wyst\u0119powania mineralizacji strontono\u015bnej w rejonie&nbsp; Czarkowy nad Nid\u0105.<\/td>\n<\/tr>\n<\/tbody>\n<\/table>\n<\/div><\/div>\n\t\t\t\t<\/div>\n\t\t\t\t\t\t\t<div class=\"elementor-toggle-item\">\n\t\t\t\t\t<div id=\"elementor-tab-title-1033\" class=\"elementor-tab-title\" data-tab=\"3\" role=\"button\" aria-controls=\"elementor-tab-content-1033\" aria-expanded=\"false\">\n\t\t\t\t\t\t\t\t\t\t\t\t<a class=\"elementor-toggle-title\" tabindex=\"0\">dr in\u017c. Jacek Misiak<\/a>\n\t\t\t\t\t<\/div>\n\n\t\t\t\t\t<div id=\"elementor-tab-content-1033\" class=\"elementor-tab-content elementor-clearfix\" data-tab=\"3\" role=\"region\" aria-labelledby=\"elementor-tab-title-1033\"><span style=\"font-weight: 700;\">Geologia Stosowana<\/span><div><b><br><\/b><table border=\"0\" cellpadding=\"0\" cellspacing=\"0\" width=\"428\" style=\"width: 321pt;\">\n<colgroup>\n<col width=\"428\" style=\"mso-width-source:userset;mso-width-alt:13696;width:321pt\">\n <\/colgroup>\n<tbody>\n<tr height=\"60\" style=\"height:45.0pt\">\n<td height=\"60\" width=\"428\" style=\"height:45.0pt;width:321pt\">1. Charakterystyka geologiczno-z\u0142o\u017cowa w\u0119glono\u015bnych utwor\u00f3w karbonu g\u00f3rnego Lubelskiego Zag\u0142\u0119bia W\u0119glowego na podstawie wybranych profili otrwor\u00f3w wiertniczych.<\/td>\n<\/tr>\n<tr height=\"60\" style=\"height:45.0pt\">\n<td height=\"60\" width=\"428\" style=\"height:45.0pt;width:321pt\">2. Charakterystyka geologiczno-z\u0142o\u017cowa w\u0119glono\u015bnych utwor\u00f3w karbonu g\u00f3rnego G\u00f3rno\u015bl\u0105skiego Zag\u0142\u0119bia W\u0119glowego na podstawie wybranych profili otrwor\u00f3w wiertniczych.<\/td>\n<\/tr>\n<tr height=\"60\" style=\"height:45.0pt\">\n<td height=\"60\" width=\"428\" style=\"height:45.0pt;width:321pt\">3. Charakterystyka geologiczno-z\u0142o\u017cowa w\u0119glono\u015bnych utwor\u00f3w karbonu g\u00f3rnego Dolno\u015bl\u0105skiego Zag\u0142\u0119bia W\u0119glowego na podstawie wybranych profili otrwor\u00f3w wiertniczych.<\/td>\n<\/tr>\n<\/tbody>\n<\/table>\n<\/div><\/div>\n\t\t\t\t<\/div>\n\t\t\t\t\t\t\t<div class=\"elementor-toggle-item\">\n\t\t\t\t\t<div id=\"elementor-tab-title-1034\" class=\"elementor-tab-title\" data-tab=\"4\" role=\"button\" aria-controls=\"elementor-tab-content-1034\" aria-expanded=\"false\">\n\t\t\t\t\t\t\t\t\t\t\t\t<a class=\"elementor-toggle-title\" tabindex=\"0\">dr hab. Jaroslav Pr\u0161ek, prof AGH<\/a>\n\t\t\t\t\t<\/div>\n\n\t\t\t\t\t<div id=\"elementor-tab-content-1034\" class=\"elementor-tab-content elementor-clearfix\" data-tab=\"4\" role=\"region\" aria-labelledby=\"elementor-tab-title-1034\"><span style=\"font-weight: 700;\">Geologia Stosowana<\/span><div><b><br><\/b><table border=\"0\" cellpadding=\"0\" cellspacing=\"0\" width=\"428\" style=\"width: 321pt;\">\n<colgroup>\n<col width=\"428\" style=\"mso-width-source:userset;mso-width-alt:13696;width:321pt\">\n <\/colgroup>\n<tbody>\n<tr height=\"40\" style=\"height:30.0pt\">\n<td height=\"40\" width=\"428\" style=\"height:30.0pt;width:321pt\">1. Charakterystyka mineralogiczna okruszcowania As z wyst\u0105pienia Kr\u00e1liky, S\u0142owacja<\/td>\n<\/tr>\n<tr height=\"40\" style=\"height:30.0pt\">\n<td height=\"40\" width=\"428\" style=\"height:30.0pt;width:321pt\">2. Charakterystyka mineralogiczna okruszcowania w \u0142upkach grafitowych z okolic Radzimowic, Sudety<\/td>\n<\/tr>\n<tr height=\"40\" style=\"height:30.0pt\">\n<td height=\"40\" width=\"428\" style=\"height:30.0pt;width:321pt\">3. Charakterystyka mineralogiczna frakcji ci\u0119\u017ckiej piask\u00f3w w rejonie Mielna<\/td>\n<\/tr>\n<tr height=\"40\" style=\"height:30.0pt\">\n<td height=\"40\" width=\"428\" style=\"height:30.0pt;width:321pt\">4. Charakterystyka mineralogiczna polimetalicznego okruszcowania Cerberus, Hn\u00fa\u0161\u0165a, S\u0142owacja<\/td>\n<\/tr>\n<\/tbody>\n<\/table>\n<\/div><\/div>\n\t\t\t\t<\/div>\n\t\t\t\t\t\t\t<div class=\"elementor-toggle-item\">\n\t\t\t\t\t<div id=\"elementor-tab-title-1035\" class=\"elementor-tab-title\" data-tab=\"5\" role=\"button\" aria-controls=\"elementor-tab-content-1035\" aria-expanded=\"false\">\n\t\t\t\t\t\t\t\t\t\t\t\t<a class=\"elementor-toggle-title\" tabindex=\"0\">dr in\u017c. Edyta Sermet<\/a>\n\t\t\t\t\t<\/div>\n\n\t\t\t\t\t<div id=\"elementor-tab-content-1035\" class=\"elementor-tab-content elementor-clearfix\" data-tab=\"5\" role=\"region\" aria-labelledby=\"elementor-tab-title-1035\"><p><span style=\"font-weight: 700;\">&nbsp;Geologia Stosowana<\/span><\/p>\n<table border=\"0\" cellpadding=\"0\" cellspacing=\"0\" width=\"428\" style=\"width: 321pt;\">\n<tbody>\n<tr height=\"40\" style=\"height:30.0pt\">\n<td height=\"40\" class=\"xl67\" width=\"428\" style=\"height:30.0pt;width:321pt\">Gospodarka<br>\n  kopalni\u0105 wielosurowcow\u0105 na przyk\u0142adzie serpentyni\u00f3w antygorytowych<\/td>\n<\/tr>\n<\/tbody>\n<\/table>\n<p><span style=\"font-weight: 700;\">&nbsp;Geologia Stosowana \/ In\u017cynieria \u015arodowiska<\/span><span style=\"font-weight: 700;\"><\/span><\/p>\n<table border=\"0\" cellpadding=\"0\" cellspacing=\"0\" width=\"428\" style=\"width: 321pt;\"><tbody><tr height=\"60\" style=\"height:45.0pt\">\n  <td height=\"60\" class=\"xl67\" width=\"428\" style=\"height:45.0pt;width:321pt\">Tereny\n  pog\u00f3nicze jako forma ochrony przestrzeni miejskiej w Krakowie<\/td><\/tr><\/tbody><\/table><\/div>\n\t\t\t\t<\/div>\n\t\t\t\t\t\t\t<div class=\"elementor-toggle-item\">\n\t\t\t\t\t<div id=\"elementor-tab-title-1036\" class=\"elementor-tab-title\" data-tab=\"6\" role=\"button\" aria-controls=\"elementor-tab-content-1036\" aria-expanded=\"false\">\n\t\t\t\t\t\t\t\t\t\t\t\t<a class=\"elementor-toggle-title\" tabindex=\"0\">dr hab. in\u017c Tomasz Tobo\u0142a, prof AGH<\/a>\n\t\t\t\t\t<\/div>\n\n\t\t\t\t\t<div id=\"elementor-tab-content-1036\" class=\"elementor-tab-content elementor-clearfix\" data-tab=\"6\" role=\"region\" aria-labelledby=\"elementor-tab-title-1036\"><div>\n<p><b>Geologia Stosowana<br><\/b><\/p>\n<table border=\"0\" cellpadding=\"0\" cellspacing=\"0\" width=\"428\" style=\"width: 321pt;\">\n<colgroup>\n<col width=\"428\" style=\"mso-width-source:userset;mso-width-alt:13696;width:321pt\">\n <\/colgroup>\n<tbody>\n<tr height=\"40\" style=\"height:30.0pt\">\n<td height=\"40\" class=\"xl65\" width=\"428\" style=\"height:30.0pt;width:321pt\">1. Petrologiczna charakterystyka soli ciemnoszarych z otworu M-35 wysadu Mogilno<\/td>\n<\/tr>\n<tr height=\"40\" style=\"height:30.0pt\">\n<td height=\"40\" class=\"xl65\" width=\"428\" style=\"height:30.0pt;width:321pt\">1. Inkluzje w solach kryszta\u0142owych z otworu G-42 wysadu solnego G\u00f3ra.&nbsp;<\/td>\n<\/tr>\n<\/tbody>\n<\/table>\n<ol>\n<\/ol>\n<div style=\"font-weight: bold;\"><\/div>\n<\/div><\/div>\n\t\t\t\t<\/div>\n\t\t\t\t\t\t\t<div class=\"elementor-toggle-item\">\n\t\t\t\t\t<div id=\"elementor-tab-title-1037\" class=\"elementor-tab-title\" data-tab=\"7\" role=\"button\" aria-controls=\"elementor-tab-content-1037\" aria-expanded=\"false\">\n\t\t\t\t\t\t\t\t\t\t\t\t<a class=\"elementor-toggle-title\" tabindex=\"0\">dr in\u017c. Monika Wasilewska-B\u0142aszczyk<\/a>\n\t\t\t\t\t<\/div>\n\n\t\t\t\t\t<div id=\"elementor-tab-content-1037\" class=\"elementor-tab-content elementor-clearfix\" data-tab=\"7\" role=\"region\" aria-labelledby=\"elementor-tab-title-1037\"><div>\n<p><b>Geologia Stosowana<\/b><b><br><\/b><\/p>\n<table border=\"0\" cellpadding=\"0\" cellspacing=\"0\" width=\"428\" style=\"width: 321pt;\">\n<colgroup>\n<col width=\"428\" style=\"mso-width-source:userset;mso-width-alt:13696;width:321pt\">\n <\/colgroup>\n<tbody>\n<tr height=\"60\" style=\"height:45.0pt\">\n<td height=\"60\" class=\"xl67\" width=\"428\" style=\"height:45.0pt;width:321pt\">1. Weryfikacja wiarygodno\u015bci wynik\u00f3w interpolacji zasobno\u015bci Ag metodami deterministycznymi dla wybranego fragmentu z\u0142o\u017ca Polkowice\u2013Sieroszowice.<\/td>\n<\/tr>\n<tr height=\"60\" style=\"height:45.0pt\">\n<td height=\"60\" class=\"xl67\" width=\"428\" style=\"height:45.0pt;width:321pt\">2. Ocena zr\u00f3\u017cnicowania zasobno\u015bci i zawarto\u015bci metali w konkrecjach polimetalicznych z obszaru IOM na Pacyfiku.<\/td>\n<\/tr>\n<tr height=\"40\" style=\"height:30.0pt\">\n<td height=\"40\" class=\"xl67\" width=\"428\" style=\"height:30.0pt;width:321pt\">3. Szacowanie zasob\u00f3w z\u0142\u00f3\u017c konkrecji polimetalicznych na Pacyfiku (fragment obszaru Interoceanmetal)<\/td>\n<\/tr>\n<\/tbody>\n<\/table>\n<\/div>\n<ol>\n<\/ol><\/div>\n\t\t\t\t<\/div>\n\t\t\t\t\t\t\t\t<\/div>\n\t\t\t\t\t\t<\/div>\n\t\t\t\t<\/div>\n\t\t\t\t\t<\/div>\n\t\t<\/div>\n\t\t\t\t<div class=\"elementor-column elementor-col-33 elementor-top-column elementor-element elementor-element-f8a0b1c\" data-id=\"f8a0b1c\" data-element_type=\"column\" data-e-type=\"column\">\n\t\t\t<div class=\"elementor-widget-wrap\">\n\t\t\t\t\t\t\t<\/div>\n\t\t<\/div>\n\t\t\t\t\t<\/div>\n\t\t<\/section>\n\t\t\t\t<section class=\"elementor-section elementor-top-section elementor-element elementor-element-00466cb elementor-section-full_width elementor-section-content-top elementor-section-stretched elementor-hidden-phone elementor-section-height-default elementor-section-height-default\" data-id=\"00466cb\" data-element_type=\"section\" data-e-type=\"section\" data-settings=\"{&quot;stretch_section&quot;:&quot;section-stretched&quot;,&quot;background_background&quot;:&quot;classic&quot;}\">\n\t\t\t\t\t\t<div class=\"elementor-container elementor-column-gap-default\">\n\t\t\t\t\t<div class=\"elementor-column elementor-col-50 elementor-top-column elementor-element elementor-element-15e9eda\" data-id=\"15e9eda\" data-element_type=\"column\" data-e-type=\"column\">\n\t\t\t<div class=\"elementor-widget-wrap elementor-element-populated\">\n\t\t\t\t\t\t<div class=\"elementor-element elementor-element-cfc3a14 elementor-widget elementor-widget-html\" data-id=\"cfc3a14\" data-element_type=\"widget\" data-e-type=\"widget\" data-widget_type=\"html.default\">\n\t\t\t\t<div class=\"elementor-widget-container\">\n\t\t\t\t\t<style>\n    a.agh {\n        text-decoration: none;\n        color: black;\n        font-size: 0.7em;\n        font-weight: 600;\n        padding: 0px;\n    }\n    \n    a.wydzial {\n        text-decoration: none;\n        color: black;\n        font-size: 0.7em;\n        font-weight: 500;\n        padding: 0px;\n    }\n    .katedra {\n        color: black;\n        font-weight: 30;\n        font-size: 0.7em;\n        padding: 0px;\n        font-weight: 300;\n    }\n    \n    .stopka {\n        padding-left:40px;\n        padding-bottom: 20px;\n         line-height: 0.8em\n    }\n    \n<\/style>\n<div class=\"stopka\">\n    <a href=\"www.agh.agh.edu.pl\" class=\"agh\"> Akademia G\u00f3rniczo-Hutnicza im. Stanis\u0142awa Staszica w Krakowie\n    <\/a><br>\n    <a href=\"www.ggios.agh.edu.pl\" class=\"wydzial\"> Wydzia\u0142 Geologii, Geofizyki i Ochrony \u015arodowiska.\n    <\/a>\n    <br>\n    <span class=\"katedra\">\n    Katedra Geologii Z\u0142o\u017cowej i G\u00f3rniczej\n    <\/span>\n    <br>\n    <span class=\"katedra\">Al.Mickiewicza 30<\/span><br>\n    <span class=\"katedra\">30-059, Krak\u00f3w\n    <\/span>\n<\/div><br>\t\t\t\t<\/div>\n\t\t\t\t<\/div>\n\t\t\t\t\t<\/div>\n\t\t<\/div>\n\t\t\t\t<div class=\"elementor-column elementor-col-50 elementor-top-column elementor-element elementor-element-7f741ed\" data-id=\"7f741ed\" data-element_type=\"column\" data-e-type=\"column\">\n\t\t\t<div class=\"elementor-widget-wrap\">\n\t\t\t\t\t\t\t<\/div>\n\t\t<\/div>\n\t\t\t\t\t<\/div>\n\t\t<\/section>\n\t\t\t\t<section class=\"elementor-section elementor-top-section elementor-element elementor-element-7b8e753 elementor-section-full_width elementor-section-content-top elementor-section-stretched elementor-hidden-desktop elementor-hidden-tablet elementor-section-height-default elementor-section-height-default\" data-id=\"7b8e753\" data-element_type=\"section\" data-e-type=\"section\" data-settings=\"{&quot;stretch_section&quot;:&quot;section-stretched&quot;,&quot;background_background&quot;:&quot;classic&quot;}\">\n\t\t\t\t\t\t<div class=\"elementor-container elementor-column-gap-default\">\n\t\t\t\t\t<div class=\"elementor-column elementor-col-50 elementor-top-column elementor-element elementor-element-5a8846d\" data-id=\"5a8846d\" data-element_type=\"column\" data-e-type=\"column\">\n\t\t\t<div class=\"elementor-widget-wrap elementor-element-populated\">\n\t\t\t\t\t\t<div class=\"elementor-element elementor-element-b087932 elementor-widget elementor-widget-html\" data-id=\"b087932\" data-element_type=\"widget\" data-e-type=\"widget\" data-widget_type=\"html.default\">\n\t\t\t\t<div class=\"elementor-widget-container\">\n\t\t\t\t\t<style>\n    a.agh {\n        text-decoration: none;\n        color: black;\n        font-size: 0.7em;\n        font-weight: 600;\n        padding: 0px;\n    }\n    \n    a.wydzial {\n        text-decoration: none;\n        color: black;\n        font-size: 0.7em;\n        font-weight: 500;\n        padding: 0px;\n    }\n    .katedra {\n        color: black;\n        font-weight: 30;\n        font-size: 0.7em;\n        padding: 0px;\n        font-weight: 300;\n    }\n    \n    .stopka2 {\n        padding-left:40px;\n         line-height: 0.8em\n    }\n    \n<\/style>\n<div class=\"stopka2\">\n    <a href=\"www.agh.agh.edu.pl\" class=\"agh\"> Akademia G\u00f3rniczo-Hutnicza im. Stanis\u0142awa Staszica w Krakowie\n    <\/a><br>\n    <a href=\"www.ggios.agh.edu.pl\" class=\"wydzial\"> Wydzia\u0142 Geologii, Geofizyki i Ochrony \u015arodowiska.\n    <\/a>\n    <br>\n    <span class=\"katedra\">\n    Katedra Geologii Z\u0142o\u017cowej i G\u00f3rniczej\n    <\/span>\n    <br>\n    <span class=\"katedra\">Al.Mickiewicza 30<\/span><br>\n    <span class=\"katedra\">30-059, Krak\u00f3w\n    <\/span>\n<\/div><br>\t\t\t\t<\/div>\n\t\t\t\t<\/div>\n\t\t\t\t\t<\/div>\n\t\t<\/div>\n\t\t\t\t<div class=\"elementor-column elementor-col-50 elementor-top-column elementor-element elementor-element-28af3d8\" data-id=\"28af3d8\" data-element_type=\"column\" data-e-type=\"column\">\n\t\t\t<div class=\"elementor-widget-wrap\">\n\t\t\t\t\t\t\t<\/div>\n\t\t<\/div>\n\t\t\t\t\t<\/div>\n\t\t<\/section>\n\t\t\t\t<\/div>\n\t\t","protected":false},"excerpt":{"rendered":"<p>dr hab. Barbara Bielowicz, prof. AGH Geologia Stosowana 1. Pierwiastki krytyczne w odpadach z termicznego przekszta\u0142cania odpad\u00f3w komunalnych. 2. Analiza mo\u017cliwo\u015bci zgazowania w\u0119gla brunatnego ze z\u0142\u00f3\u017c Regionu Zachodniego. Geoinformatyka 1. Eksploracyjna analiza danych petrograficznych w\u0119gla.&nbsp;&nbsp; 2. Analiza zale\u017cno\u015bci mi\u0119dzy parametrami petrograficznymi a jako\u015bci\u0105 w\u0119gla.&nbsp;&nbsp;&nbsp; &nbsp; dr hab in\u017c. Krzysztof Bukowski, [&hellip;]<\/p>\n","protected":false},"author":1,"featured_media":0,"parent":113,"menu_order":0,"comment_status":"closed","ping_status":"closed","template":"page-templates\/template-pagebuilder-full-width.php","meta":{"_eb_attr":"","footnotes":""},"class_list":["post-485","page","type-page","status-publish","hentry"],"_links":{"self":[{"href":"https:\/\/www.kgzig.agh.edu.pl\/index.php?rest_route=\/wp\/v2\/pages\/485","targetHints":{"allow":["GET"]}}],"collection":[{"href":"https:\/\/www.kgzig.agh.edu.pl\/index.php?rest_route=\/wp\/v2\/pages"}],"about":[{"href":"https:\/\/www.kgzig.agh.edu.pl\/index.php?rest_route=\/wp\/v2\/types\/page"}],"author":[{"embeddable":true,"href":"https:\/\/www.kgzig.agh.edu.pl\/index.php?rest_route=\/wp\/v2\/users\/1"}],"replies":[{"embeddable":true,"href":"https:\/\/www.kgzig.agh.edu.pl\/index.php?rest_route=%2Fwp%2Fv2%2Fcomments&post=485"}],"version-history":[{"count":98,"href":"https:\/\/www.kgzig.agh.edu.pl\/index.php?rest_route=\/wp\/v2\/pages\/485\/revisions"}],"predecessor-version":[{"id":2227,"href":"https:\/\/www.kgzig.agh.edu.pl\/index.php?rest_route=\/wp\/v2\/pages\/485\/revisions\/2227"}],"up":[{"embeddable":true,"href":"https:\/\/www.kgzig.agh.edu.pl\/index.php?rest_route=\/wp\/v2\/pages\/113"}],"wp:attachment":[{"href":"https:\/\/www.kgzig.agh.edu.pl\/index.php?rest_route=%2Fwp%2Fv2%2Fmedia&parent=485"}],"curies":[{"name":"wp","href":"https:\/\/api.w.org\/{rel}","templated":true}]}}